{"id":47,"date":"2020-10-25T15:07:49","date_gmt":"2020-10-25T15:07:49","guid":{"rendered":"https:\/\/guylenecharmetant.fr\/?page_id=47"},"modified":"2023-03-14T13:26:31","modified_gmt":"2023-03-14T12:26:31","slug":"guylamro","status":"publish","type":"page","link":"https:\/\/guylenecharmetant.fr\/?page_id=47","title":{"rendered":"Guylamro"},"content":{"rendered":"\n<figure class=\"wp-block-image size-large\"><img loading=\"lazy\" decoding=\"async\" width=\"1024\" height=\"329\" src=\"https:\/\/guylenecharmetant.fr\/wp-content\/uploads\/2020\/11\/triptique-guylarmo-1024x329.jpg\" alt=\"\" class=\"wp-image-387\" srcset=\"https:\/\/guylenecharmetant.fr\/wp-content\/uploads\/2020\/11\/triptique-guylarmo-1024x329.jpg 1024w, https:\/\/guylenecharmetant.fr\/wp-content\/uploads\/2020\/11\/triptique-guylarmo-300x96.jpg 300w, https:\/\/guylenecharmetant.fr\/wp-content\/uploads\/2020\/11\/triptique-guylarmo-768x247.jpg 768w, https:\/\/guylenecharmetant.fr\/wp-content\/uploads\/2020\/11\/triptique-guylarmo.jpg 1260w\" sizes=\"(max-width: 1024px) 100vw, 1024px\" \/><\/figure>\n\n\n\n<h2 class=\"wp-block-heading\"><strong>Guylamro<\/strong><\/h2>\n\n\n\n<p>A partir d\u2019un r\u00e9pertoire essentiellement compos\u00e9 de \u00ab standards \u00bb de Jazz, les musiciens revisitent de mani\u00e8re velout\u00e9e et intimiste des chansons aux accents familiers  tant\u00f4t issues du folklore swing et bebop, tant\u00f4t des rythmes chaloup\u00e9s de la bossa nova du Corcovado ou m\u00eame de la soul des seventies.<\/p>\n\n\n\n<p><em>Duo avec \u00c9ric Amrofel (guitare\/voix), et quelques musiciens invit\u00e9s : St\u00e9phane Decolly (basse), J\u00e9r\u00f4me Germond (trompette), Benoit Lavoll\u00e9e (vibraphone).<\/em><\/p>\n\n\n\n<div class=\"wp-block-buttons is-content-justification-left is-layout-flex wp-block-buttons-is-layout-flex\">\n<div class=\"wp-block-button\"><a class=\"wp-block-button__link has-text-color has-background\" style=\"border-radius:2px;background-color:#007aad;color:#fffffa\" target=\"_blank\" rel=\"noreferrer noopener\">Fiche technique<\/a><\/div>\n\n\n\n<div class=\"wp-block-button is-style-outline is-style-outline--97832fc1ffb11f977d8cada5a985f2e8\"><a class=\"wp-block-button__link has-text-color\" href=\"https:\/\/drive.google.com\/file\/d\/1_1TFkS2b2deRNeS-YtyWLDUm1okQqTfT\/view?usp=sharing\" style=\"border-radius:2px;color:#007aad\" target=\"_blank\" rel=\"noreferrer noopener\">Dossier de pr\u00e9sentation<\/a><\/div>\n<\/div>\n\n\n\n<hr class=\"wp-block-separator\"\/>\n\n\n\n<h2 class=\"wp-block-heading\">Extraits vid\u00e9o<\/h2>\n\n\n\n<div class=\"wp-block-group\"><div class=\"wp-block-group__inner-container is-layout-flow wp-block-group-is-layout-flow\"><\/div><\/div>\n\n\n\n<iframe loading=\"lazy\" width=\"560\" height=\"315\" src=\"https:\/\/www.youtube.com\/embed\/LjyGNEd5lzk\" title=\"YouTube video player\" frameborder=\"0\" allow=\"accelerometer; autoplay; clipboard-write; encrypted-media; gyroscope; picture-in-picture; web-share\" allowfullscreen=\"\"><\/iframe>x\n\n\n\n<div class=\"wp-block-group\"><div class=\"wp-block-group__inner-container is-layout-flow wp-block-group-is-layout-flow\">\n<div class=\"wp-block-group\"><div class=\"wp-block-group__inner-container is-layout-flow wp-block-group-is-layout-flow\">\n\n\n<iframe loading=\"lazy\" width=\"560\" height=\"315\" src=\"https:\/\/www.youtube.com\/embed\/1aNSrd-WnK8\" title=\"YouTube video player\" frameborder=\"0\" allow=\"accelerometer; autoplay; clipboard-write; encrypted-media; gyroscope; picture-in-picture; web-share\" allowfullscreen><\/iframe>\n<\/div><\/div>\n<\/div><\/div>\n\n\n\n<hr class=\"wp-block-separator\"\/>\n\n\n\n<h2 class=\"wp-block-heading\">Extraits audio<\/h2>\n\n\n\n<iframe loading=\"lazy\" scrolling=\"no\" allow=\"autoplay\" src=\"https:\/\/w.soundcloud.com\/player\/?url=https%3A\/\/api.soundcloud.com\/tracks\/121503578&amp;color=%23ff5500&amp;auto_play=false&amp;hide_related=false&amp;show_comments=true&amp;show_user=true&amp;show_reposts=false&amp;show_teaser=true\" width=\"100%\" height=\"166\" frameborder=\"no\"><\/iframe><div style=\"font-size: 10px; color: #cccccc;line-break: anywhere;word-break: normal;overflow: hidden;white-space: nowrap;text-overflow: ellipsis; font-family: Interstate,Lucida Grande,Lucida Sans Unicode,Lucida Sans,Garuda,Verdana,Tahoma,sans-serif;font-weight: 100;\"><a href=\"https:\/\/soundcloud.com\/guylamro\" title=\"Guylamro\" target=\"_blank\" style=\"color: #cccccc; text-decoration: none;\" rel=\"noopener noreferrer\">Guylamro<\/a> \u00b7 <a href=\"https:\/\/soundcloud.com\/guylamro\/blackbird-lennon-mccartney\" title=\"Blackbird (Lennon\/McCartney)- duo\" target=\"_blank\" style=\"color: #cccccc; text-decoration: none;\" rel=\"noopener noreferrer\">Blackbird (Lennon\/McCartney)- duo<\/a><\/div>\n\n\n\n<iframe loading=\"lazy\" scrolling=\"no\" allow=\"autoplay\" src=\"https:\/\/w.soundcloud.com\/player\/?url=https%3A\/\/api.soundcloud.com\/tracks\/121503799&amp;color=%23ff5500&amp;auto_play=false&amp;hide_related=false&amp;show_comments=true&amp;show_user=true&amp;show_reposts=false&amp;show_teaser=true\" width=\"100%\" height=\"166\" frameborder=\"no\"><\/iframe><div style=\"font-size: 10px; color: #cccccc;line-break: anywhere;word-break: normal;overflow: hidden;white-space: nowrap;text-overflow: ellipsis; font-family: Interstate,Lucida Grande,Lucida Sans Unicode,Lucida Sans,Garuda,Verdana,Tahoma,sans-serif;font-weight: 100;\"><a href=\"https:\/\/soundcloud.com\/guylamro\" title=\"Guylamro\" target=\"_blank\" style=\"color: #cccccc; text-decoration: none;\" rel=\"noopener noreferrer\">Guylamro<\/a> \u00b7 <a href=\"https:\/\/soundcloud.com\/guylamro\/my-heart-belongs-to-daddy-cole\" title=\"My Heart belongs to daddy (Cole Porter)\" target=\"_blank\" style=\"color: #cccccc; text-decoration: none;\" rel=\"noopener noreferrer\">My Heart belongs to daddy (Cole Porter)<\/a><\/div>\n\n\n\n<iframe loading=\"lazy\" scrolling=\"no\" allow=\"autoplay\" src=\"https:\/\/w.soundcloud.com\/player\/?url=https%3A\/\/api.soundcloud.com\/tracks\/120042545&amp;color=%23ff5500&amp;auto_play=false&amp;hide_related=false&amp;show_comments=true&amp;show_user=true&amp;show_reposts=false&amp;show_teaser=true\" width=\"100%\" height=\"166\" frameborder=\"no\"><\/iframe><div style=\"font-size: 10px; color: #cccccc;line-break: anywhere;word-break: normal;overflow: hidden;white-space: nowrap;text-overflow: ellipsis; font-family: Interstate,Lucida Grande,Lucida Sans Unicode,Lucida Sans,Garuda,Verdana,Tahoma,sans-serif;font-weight: 100;\"><a href=\"https:\/\/soundcloud.com\/guylamro\" title=\"Guylamro\" target=\"_blank\" style=\"color: #cccccc; text-decoration: none;\" rel=\"noopener noreferrer\">Guylamro<\/a> \u00b7 <a href=\"https:\/\/soundcloud.com\/guylamro\/i-dont-know-noa\" title=\"I Don't Know (Noa) - duo\" target=\"_blank\" style=\"color: #cccccc; text-decoration: none;\" rel=\"noopener noreferrer\">I Don&rsquo;t Know (Noa) &#8211; duo<\/a><\/div>\n\n\n\n<hr class=\"wp-block-separator\"\/>\n\n\n\n<h2 class=\"wp-block-heading\">Galerie de photos<\/h2>\n\n\n\n<div class=\"wp-block-group\"><div class=\"wp-block-group__inner-container is-layout-flow wp-block-group-is-layout-flow\"><\/div><\/div>\n\n\n\n<figure class=\"wp-block-gallery columns-3 is-cropped wp-block-gallery-1 is-layout-flex wp-block-gallery-is-layout-flex\"><ul class=\"blocks-gallery-grid\"><li class=\"blocks-gallery-item\"><figure><img loading=\"lazy\" decoding=\"async\" width=\"1024\" height=\"768\" src=\"https:\/\/guylenecharmetant.fr\/wp-content\/uploads\/2020\/11\/Guylamro-Trio-JAZZ-AU-MOULIN-OCT-2018-Credit-Clodelle-1024x768.jpeg\" alt=\"\" data-id=\"459\" data-full-url=\"https:\/\/guylenecharmetant.fr\/wp-content\/uploads\/2020\/11\/Guylamro-Trio-JAZZ-AU-MOULIN-OCT-2018-Credit-Clodelle-scaled.jpeg\" data-link=\"https:\/\/guylenecharmetant.fr\/?attachment_id=459\" class=\"wp-image-459\" srcset=\"https:\/\/guylenecharmetant.fr\/wp-content\/uploads\/2020\/11\/Guylamro-Trio-JAZZ-AU-MOULIN-OCT-2018-Credit-Clodelle-1024x768.jpeg 1024w, https:\/\/guylenecharmetant.fr\/wp-content\/uploads\/2020\/11\/Guylamro-Trio-JAZZ-AU-MOULIN-OCT-2018-Credit-Clodelle-300x225.jpeg 300w, https:\/\/guylenecharmetant.fr\/wp-content\/uploads\/2020\/11\/Guylamro-Trio-JAZZ-AU-MOULIN-OCT-2018-Credit-Clodelle-768x576.jpeg 768w, https:\/\/guylenecharmetant.fr\/wp-content\/uploads\/2020\/11\/Guylamro-Trio-JAZZ-AU-MOULIN-OCT-2018-Credit-Clodelle-1536x1152.jpeg 1536w, https:\/\/guylenecharmetant.fr\/wp-content\/uploads\/2020\/11\/Guylamro-Trio-JAZZ-AU-MOULIN-OCT-2018-Credit-Clodelle-2048x1536.jpeg 2048w, https:\/\/guylenecharmetant.fr\/wp-content\/uploads\/2020\/11\/Guylamro-Trio-JAZZ-AU-MOULIN-OCT-2018-Credit-Clodelle-1440x1080.jpeg 1440w\" sizes=\"(max-width: 1024px) 100vw, 1024px\" \/><\/figure><\/li><li class=\"blocks-gallery-item\"><figure><img loading=\"lazy\" decoding=\"async\" width=\"768\" height=\"1024\" src=\"https:\/\/guylenecharmetant.fr\/wp-content\/uploads\/2020\/11\/Guylamro-G.charmetant-E.Amrofel-cre\u0301dit-Gabrielle-Baud_4182-1-768x1024.jpg\" alt=\"\" data-id=\"393\" data-full-url=\"https:\/\/guylenecharmetant.fr\/wp-content\/uploads\/2020\/11\/Guylamro-G.charmetant-E.Amrofel-cre\u0301dit-Gabrielle-Baud_4182-1-scaled.jpg\" data-link=\"https:\/\/guylenecharmetant.fr\/?attachment_id=393\" class=\"wp-image-393\" srcset=\"https:\/\/guylenecharmetant.fr\/wp-content\/uploads\/2020\/11\/Guylamro-G.charmetant-E.Amrofel-cre\u0301dit-Gabrielle-Baud_4182-1-768x1024.jpg 768w, https:\/\/guylenecharmetant.fr\/wp-content\/uploads\/2020\/11\/Guylamro-G.charmetant-E.Amrofel-cre\u0301dit-Gabrielle-Baud_4182-1-225x300.jpg 225w, https:\/\/guylenecharmetant.fr\/wp-content\/uploads\/2020\/11\/Guylamro-G.charmetant-E.Amrofel-cre\u0301dit-Gabrielle-Baud_4182-1-1152x1536.jpg 1152w, https:\/\/guylenecharmetant.fr\/wp-content\/uploads\/2020\/11\/Guylamro-G.charmetant-E.Amrofel-cre\u0301dit-Gabrielle-Baud_4182-1-1536x2048.jpg 1536w, https:\/\/guylenecharmetant.fr\/wp-content\/uploads\/2020\/11\/Guylamro-G.charmetant-E.Amrofel-cre\u0301dit-Gabrielle-Baud_4182-1-1024x1365.jpg 1024w, https:\/\/guylenecharmetant.fr\/wp-content\/uploads\/2020\/11\/Guylamro-G.charmetant-E.Amrofel-cre\u0301dit-Gabrielle-Baud_4182-1-810x1080.jpg 810w, https:\/\/guylenecharmetant.fr\/wp-content\/uploads\/2020\/11\/Guylamro-G.charmetant-E.Amrofel-cre\u0301dit-Gabrielle-Baud_4182-1-scaled.jpg 1920w\" sizes=\"(max-width: 768px) 100vw, 768px\" \/><\/figure><\/li><li class=\"blocks-gallery-item\"><figure><img loading=\"lazy\" decoding=\"async\" width=\"419\" height=\"409\" src=\"https:\/\/guylenecharmetant.fr\/wp-content\/uploads\/2020\/10\/logo-guylarmo-v6.jpg\" alt=\"\" data-id=\"106\" data-full-url=\"https:\/\/guylenecharmetant.fr\/wp-content\/uploads\/2020\/10\/logo-guylarmo-v6.jpg\" data-link=\"https:\/\/guylenecharmetant.fr\/?attachment_id=106\" class=\"wp-image-106\" srcset=\"https:\/\/guylenecharmetant.fr\/wp-content\/uploads\/2020\/10\/logo-guylarmo-v6.jpg 419w, https:\/\/guylenecharmetant.fr\/wp-content\/uploads\/2020\/10\/logo-guylarmo-v6-300x293.jpg 300w\" sizes=\"(max-width: 419px) 100vw, 419px\" \/><\/figure><\/li><\/ul><\/figure>\n\n\n\n<p><\/p>\n\n\n\n<pre class=\"wp-block-code\"><code><\/code><\/pre>\n\n\n\n<p><\/p>\n","protected":false},"excerpt":{"rendered":"<p>Guylamro A partir d\u2019un r\u00e9pertoire essentiellement compos\u00e9 de \u00ab standards \u00bb de Jazz, les musiciens revisitent de mani\u00e8re velout\u00e9e et intimiste des chansons aux accents familiers tant\u00f4t issues du folklore&hellip; <br \/> <a class=\"button small blue\" href=\"https:\/\/guylenecharmetant.fr\/?page_id=47\">Lire la suite<\/a><\/p>\n","protected":false},"author":1,"featured_media":0,"parent":0,"menu_order":0,"comment_status":"closed","ping_status":"closed","template":"","meta":{"footnotes":""},"class_list":["post-47","page","type-page","status-publish","hentry"],"yoast_head":"<!-- This site is optimized with the Yoast SEO plugin v15.1.1 - https:\/\/yoast.com\/wordpress\/plugins\/seo\/ -->\n<title>Guylamro - Guyl\u00e8ne Charmetant<\/title>\n<meta name=\"robots\" content=\"index, follow, max-snippet:-1, max-image-preview:large, max-video-preview:-1\" \/>\n<link rel=\"canonical\" href=\"https:\/\/guylenecharmetant.fr\/?page_id=47\" \/>\n<meta property=\"og:locale\" content=\"fr_FR\" \/>\n<meta property=\"og:type\" content=\"article\" \/>\n<meta property=\"og:title\" content=\"Guylamro - Guyl\u00e8ne Charmetant\" \/>\n<meta property=\"og:description\" content=\"Guylamro A partir d\u2019un r\u00e9pertoire essentiellement compos\u00e9 de \u00ab standards \u00bb de Jazz, les musiciens revisitent de mani\u00e8re velout\u00e9e et intimiste des chansons aux accents familiers tant\u00f4t issues du folklore&hellip; Lire la suite\" \/>\n<meta property=\"og:url\" content=\"https:\/\/guylenecharmetant.fr\/?page_id=47\" \/>\n<meta property=\"og:site_name\" content=\"Guyl\u00e8ne Charmetant\" \/>\n<meta property=\"article:modified_time\" content=\"2023-03-14T12:26:31+00:00\" \/>\n<meta property=\"og:image\" content=\"https:\/\/guylenecharmetant.fr\/wp-content\/uploads\/2020\/11\/triptique-guylarmo-1024x329.jpg\" \/>\n<meta name=\"twitter:card\" content=\"summary_large_image\" \/>\n<script type=\"application\/ld+json\" class=\"yoast-schema-graph\">{\"@context\":\"https:\/\/schema.org\",\"@graph\":[{\"@type\":\"WebSite\",\"@id\":\"https:\/\/guylenecharmetant.fr\/#website\",\"url\":\"https:\/\/guylenecharmetant.fr\/\",\"name\":\"Guyl\\u00e8ne Charmetant\",\"description\":\"Chanteuse et chef de ch\\u0153ur - Orl\\u00e9ans\",\"potentialAction\":[{\"@type\":\"SearchAction\",\"target\":\"https:\/\/guylenecharmetant.fr\/?s={search_term_string}\",\"query-input\":\"required name=search_term_string\"}],\"inLanguage\":\"fr-FR\"},{\"@type\":\"ImageObject\",\"@id\":\"https:\/\/guylenecharmetant.fr\/?page_id=47#primaryimage\",\"inLanguage\":\"fr-FR\",\"url\":\"https:\/\/guylenecharmetant.fr\/wp-content\/uploads\/2020\/11\/triptique-guylarmo.jpg\",\"width\":1260,\"height\":405},{\"@type\":\"WebPage\",\"@id\":\"https:\/\/guylenecharmetant.fr\/?page_id=47#webpage\",\"url\":\"https:\/\/guylenecharmetant.fr\/?page_id=47\",\"name\":\"Guylamro - Guyl\\u00e8ne Charmetant\",\"isPartOf\":{\"@id\":\"https:\/\/guylenecharmetant.fr\/#website\"},\"primaryImageOfPage\":{\"@id\":\"https:\/\/guylenecharmetant.fr\/?page_id=47#primaryimage\"},\"datePublished\":\"2020-10-25T15:07:49+00:00\",\"dateModified\":\"2023-03-14T12:26:31+00:00\",\"inLanguage\":\"fr-FR\",\"potentialAction\":[{\"@type\":\"ReadAction\",\"target\":[\"https:\/\/guylenecharmetant.fr\/?page_id=47\"]}]}]}<\/script>\n<!-- \/ Yoast SEO plugin. -->","_links":{"self":[{"href":"https:\/\/guylenecharmetant.fr\/index.php?rest_route=\/wp\/v2\/pages\/47"}],"collection":[{"href":"https:\/\/guylenecharmetant.fr\/index.php?rest_route=\/wp\/v2\/pages"}],"about":[{"href":"https:\/\/guylenecharmetant.fr\/index.php?rest_route=\/wp\/v2\/types\/page"}],"author":[{"embeddable":true,"href":"https:\/\/guylenecharmetant.fr\/index.php?rest_route=\/wp\/v2\/users\/1"}],"replies":[{"embeddable":true,"href":"https:\/\/guylenecharmetant.fr\/index.php?rest_route=%2Fwp%2Fv2%2Fcomments&post=47"}],"version-history":[{"count":33,"href":"https:\/\/guylenecharmetant.fr\/index.php?rest_route=\/wp\/v2\/pages\/47\/revisions"}],"predecessor-version":[{"id":819,"href":"https:\/\/guylenecharmetant.fr\/index.php?rest_route=\/wp\/v2\/pages\/47\/revisions\/819"}],"wp:attachment":[{"href":"https:\/\/guylenecharmetant.fr\/index.php?rest_route=%2Fwp%2Fv2%2Fmedia&parent=47"}],"curies":[{"name":"wp","href":"https:\/\/api.w.org\/{rel}","templated":true}]}}